{"id":24,"date":"2018-02-01T11:53:44","date_gmt":"2018-02-01T11:53:44","guid":{"rendered":"http:\/\/www.moonlightdivers.com\/wp\/?page_id=24"},"modified":"2018-02-07T14:39:12","modified_gmt":"2018-02-07T12:39:12","slug":"uusi-vuosi-uudet-sivut","status":"publish","type":"page","link":"http:\/\/www.moonlightdivers.com\/wp\/","title":{"rendered":"Uusi vuosi. Uudet sivut"},"content":{"rendered":"<p>WordPress alustana. Katsotaan mit\u00e4 tulee. K\u00e4ytt\u00e4j\u00e4tunnukset menee kaikille uusiksi, mutta t\u00e4ss\u00e4 on nyt uudet sivut esittelill\u00e4.<\/p>\n","protected":false},"excerpt":{"rendered":"<p>WordPress alustana. Katsotaan mit\u00e4 tulee. K\u00e4ytt\u00e4j\u00e4tunnukset menee kaikille uusiksi, mutta t\u00e4ss\u00e4 on nyt uudet sivut esittelill\u00e4.<\/p>\n","protected":false},"author":2,"featured_media":0,"parent":0,"menu_order":0,"comment_status":"closed","ping_status":"closed","template":"","meta":{"_bbp_topic_count":0,"_bbp_reply_count":0,"_bbp_total_topic_count":0,"_bbp_total_reply_count":0,"_bbp_voice_count":0,"_bbp_anonymous_reply_count":0,"_bbp_topic_count_hidden":0,"_bbp_reply_count_hidden":0,"_bbp_forum_subforum_count":0,"footnotes":""},"class_list":["post-24","page","type-page","status-publish","hentry"],"_links":{"self":[{"href":"http:\/\/www.moonlightdivers.com\/wp\/wp-json\/wp\/v2\/pages\/24","targetHints":{"allow":["GET"]}}],"collection":[{"href":"http:\/\/www.moonlightdivers.com\/wp\/wp-json\/wp\/v2\/pages"}],"about":[{"href":"http:\/\/www.moonlightdivers.com\/wp\/wp-json\/wp\/v2\/types\/page"}],"author":[{"embeddable":true,"href":"http:\/\/www.moonlightdivers.com\/wp\/wp-json\/wp\/v2\/users\/2"}],"replies":[{"embeddable":true,"href":"http:\/\/www.moonlightdivers.com\/wp\/wp-json\/wp\/v2\/comments?post=24"}],"version-history":[{"count":3,"href":"http:\/\/www.moonlightdivers.com\/wp\/wp-json\/wp\/v2\/pages\/24\/revisions"}],"predecessor-version":[{"id":1040,"href":"http:\/\/www.moonlightdivers.com\/wp\/wp-json\/wp\/v2\/pages\/24\/revisions\/1040"}],"wp:attachment":[{"href":"http:\/\/www.moonlightdivers.com\/wp\/wp-json\/wp\/v2\/media?parent=24"}],"curies":[{"name":"wp","href":"https:\/\/api.w.org\/{rel}","templated":true}]}}